{"id":6078,"date":"2021-08-06T17:01:14","date_gmt":"2021-08-06T17:01:14","guid":{"rendered":"http:\/\/pruebas.dentoliva.es\/?page_id=6078"},"modified":"2025-07-03T09:22:53","modified_gmt":"2025-07-03T09:22:53","slug":"privacy-policy","status":"publish","type":"page","link":"https:\/\/dentoliva.es\/en\/privacy-policy\/","title":{"rendered":"Privacy policy"},"content":{"rendered":"[et_pb_section fb_built=\"1\u2033 custom_padding_last_edited=\"on|phone\" admin_label=\"Hero-image-header\" _builder_version=\"4.16\u2033 background_enable_color=\"off\" background_image=\"https:\/\/dentoliva.es\/wp-content\/uploads\/2021\/06\/imagen-head-dentoliva-endodoncia-herramientas.jpg\" custom_margin=\"||||\" custom_padding=\"19vw||19vw||true|false\" custom_padding_tablet=\"||||false|false\" custom_padding_phone=\"||||false|false\" custom_padding_phone=\"||||false|false\" bottom_divider_style=\"wave\" bottom_divider_color=\"#ffffffff\" bottom_divider_height=\"248px\" background_color_phone=\"#0C71C3\u2033 background_last_edited=\"on|phone\" background_enable_color_phone=\"on\" parallax_phone=\"off\" background_position_phone=\"bottom_center\" background_blend_phone=\"normal\" global_colors_info=\"{}\" custom_css_main_element_last_edited=\"on|phone\"][\/et_pb_section][et_pb_section fb_built=\"1\u2033 admin_label=\"Surgery and implants - intro \" _builder_version=\"4.16\u2033 background_color=\"#ffffffff\" background_enable_image=\"off\" z_index=\"468\u2033 custom_padding=\"|||27px|||\" bottom_divider_style=\"wave\" bottom_divider_color=\"#ffffffff\" global_colors_info=\"{}\"][et_pb_row admin_label=\"Dentists in Oliva \" _builder_version=\"4.16\u2033 min_height=\"266px\" custom_margin=\"-76px|auto||auto|||\" custom_padding=\"0px|||||\" global_colors_info=\"{}\"][et_pb_column type=\"4_4\u2033 _builder_version=\"4.16\u2033 custom_padding=\"||||\" global_colors_info=\"{}\" custom_padding__hover=\"||||\"][et_pb_text admin_label=\"Introduction\" _builder_version=\"4.16\u2033 custom_padding=\"39px|||31px||||\" inline_fonts=\"Poppins\" global_colors_info=\"{}\"]\n<h1>Privacy policy of Dentoliva O.E.<\/h1>\n<p>At dentoliva.es, accessible from https:\/\/www.dentoliva.es, one of our top priorities is the privacy of our visitors. This Privacy Policy document contains the types of information dentoliva.es collects and records and how we use it.<\/p>\n<p>If you have additional questions or need more information about our Privacy Policy, please do not hesitate to contact us.<\/p>\n<p>This Privacy Policy applies only to our online activities and applies to visitors to our website with respect to information shared and\/or collected on dentoliva.es. This policy does not apply to any information collected offline or through channels other than this website. Our Privacy Policy has been created with the assistance of the <a href=\"https:\/\/www.privacypolicygenerator.info\/\" target=\"_blank\" rel=\"noopener\">Privacy Policy Generator<\/a>.<\/p>\n<h2>Consent<\/h2>\n<p>By using our website, you consent to our Privacy Policy and agree to its terms.<\/p>\n<h2>Information we collect<\/h2>\n<p>The personal information you are asked to provide, and the reasons why you are asked to provide it, will be made clear to you at the time we ask you to provide your personal information.<\/p>\n<p>If you contact us directly, we may receive additional information about you, such as your name, email address, telephone number, the content of the message and\/or attachments you send us, and any other information you choose to provide.<\/p>\n<p>When you register for an Account, we may ask for your contact information, including items such as name, company name, address, email address and telephone number.<\/p>\n<h2>How we use your information<\/h2>\n<p>We use the information we collect in a number of ways, including:<\/p>\n<ul>\n<li>To provide, operate and maintain our website.<\/li>\n<li>To improve, personalise and enhance our website.<\/li>\n<li>Understand and analyse how you use our website<\/li>\n<li>For example, the use of user information.<\/li>\n<li>Develop new products, services, features and functionalities.<\/li>\n<li>To communicate with you, either directly or through one of our partners, including for customer service, to provide you with updates and other information relating to the website, and for marketing and promotional purposes.<\/li>\n<li>Send you e-mails<\/li>\n<li>Finding and preventing fraud<\/li>\n<\/ul>\n<h2>Log files<\/h2>\n<p>Dentoliva.co.uk follows a standard procedure of using log files. These files record visitors when they visit websites. All hosting companies do this and it is part of the analytics of hosting services. The information collected by the log files includes Internet Protocol (IP) addresses, browser type, Internet Service Provider (ISP), date and time, referring\/exit pages, and possibly the number of clicks. This data is not linked to any personally identifiable information. The purpose of the information is to analyse trends, administer the site, track users' movement around the site and gather demographic information.<\/p>\n<h2>Cookies and Web Beacons<\/h2>\n<p>Like any other website, dentoliva.es uses 'cookies'. These cookies are used to store information including visitors' preferences, and the pages of the website that the visitor accessed or visited. The information is used to optimise the user experience by personalising the content of our website based on the visitor's browser type and\/or other information.<\/p>\n<p>For more general information about cookies, please read <a href=\"https:\/\/www.privacypolicyonline.com\/what-are-cookies\/\" target=\"_blank\" rel=\"noopener\">\"What are cookies?<\/a>.<\/p>\n<h2>Privacy policies of advertising partners<\/h2>\n<p>You can consult this list to find the Privacy Policy of each of the advertising partners of dentoliva.es.<\/p>\n<p>Third-party ad servers or ad networks use technologies such as cookies, JavaScript or Web Beacons that are used in their respective advertisements and links that appear on dentoliva.es, which are sent directly to the users' browser. When this happens, they automatically receive your IP address. These technologies are used to measure the effectiveness of their advertising campaigns and\/or to personalise the advertising content you see on the websites you visit.<\/p>\n<p>Please note that dentoliva.es has no access to or control over these cookies which are used by third party advertisers.<\/p>\n<h2>Third party privacy policies<\/h2>\n<p>The dentoliva.es Privacy Policy does not apply to other advertisers or websites. Therefore, we encourage you to consult the respective privacy policies of these third-party ad servers for more detailed information. This may include their practices and instructions on how to opt-out of certain choices.<\/p>\n<p>You can choose to disable cookies through your individual browser options. More detailed information about cookie management with specific web browsers can be found on the browsers' respective websites.<\/p>\n<h2>CCPA Privacy Rights (Do Not Sell My Personal Information)<\/h2>\n<p>Under the CCPA, among other rights, California consumers have the right to:<\/p>\n<p>Request that a business that collects a consumer's personal data disclose the categories and specific items of personal data that a business has collected about consumers.<\/p>\n<p>Request that a business delete any personal data about the consumer that a business has collected.<\/p>\n<p>Request that a company that sells a consumer's personal data does not sell the consumer's personal data.<\/p>\n<p>If you make a request, we have one month to respond. If you wish to exercise any of these rights, please contact us.<\/p>\n<h2>GDPR data protection rights<\/h2>\n<p>We want to make sure that you are fully aware of all your data protection rights. Every user has the right to the following:<\/p>\n<p>Right of access: you have the right to request copies of your personal data. We may charge you a small fee for this service.<\/p>\n<p>Right to rectification - You have the right to request that we correct any information that you believe to be inaccurate. You also have the right to request that we complete information that you believe is incomplete.<\/p>\n<p>The right to rectification - You have the right to request that we correct information that you believe to be inaccurate. The right to erasure - You have the right to request that we erase your personal data, subject to certain conditions.<\/p>\n<p>The right to restrict processing - You have the right to request that we restrict the processing of your personal data, subject to certain conditions.<\/p>\n<p>Right to object to processing: you have the right to object to our processing of your personal data, subject to certain conditions.<\/p>\n<p>The right to data portability - You have the right to request that we transfer data we have collected to another organisation, or directly to you, under certain conditions.<\/p>\n<p>If you make a request, we have one month to respond. If you wish to exercise any of these rights, please contact us.<\/p>\n<h2>Information for children<\/h2>\n<p>Another part of our priority is to add protection for children while using the Internet. We encourage parents and guardians to observe, participate and\/or supervise and guide their online activity.<\/p>\n<p>Dentoliva.com does not knowingly collect any personally identifiable information from children under the age of 13. If you believe that your child has provided this type of information on our website, we strongly encourage you to contact us immediately and we will use our best efforts to promptly delete such information from our records.[\/et_pb_text][\/et_pb_column][\/et_pb_row][\/et_pb_section]","protected":false},"excerpt":{"rendered":"<p>Privacy policy of Dentoliva O.E. At dentoliva.es, accessible from https:\/\/www.dentoliva.es, one of our main priorities is the privacy of our visitors. This Privacy Policy document contains the types of information dentoliva.es collects and records and how we use it. If you have additional questions or need more information about our Privacy Policy, please [...]<\/p>","protected":false},"author":3,"featured_media":0,"parent":0,"menu_order":0,"comment_status":"closed","ping_status":"closed","template":"","meta":{"_et_pb_use_builder":"on","_et_pb_old_content":"<!-- wp:heading -->\n<h2>Qui\u00e9nes somos<\/h2>\n<!-- \/wp:heading -->\n\n<!-- wp:paragraph -->\n<p><strong class=\"privacy-policy-tutorial\">Texto sugerido: <\/strong>La direcci\u00f3n de nuestra web es: https:\/\/dentoliva.es.<\/p>\n<!-- \/wp:paragraph -->\n\n<!-- wp:heading -->\n<h2>Comentarios<\/h2>\n<!-- \/wp:heading -->\n\n<!-- wp:paragraph -->\n<p><strong class=\"privacy-policy-tutorial\">Texto sugerido: <\/strong>Cuando los visitantes dejan comentarios en la web, recopilamos los datos que se muestran en el formulario de comentarios, as\u00ed como la direcci\u00f3n IP del visitante y la cadena de agentes de usuario del navegador para ayudar a la detecci\u00f3n de spam.<\/p>\n<!-- \/wp:paragraph -->\n\n<!-- wp:paragraph -->\n<p>Una cadena an\u00f3nima creada a partir de tu direcci\u00f3n de correo electr\u00f3nico (tambi\u00e9n llamada hash) puede ser proporcionada al servicio de Gravatar para ver si la est\u00e1s usando. La pol\u00edtica de privacidad del servicio Gravatar est\u00e1 disponible aqu\u00ed: https:\/\/automattic.com\/privacy\/. Despu\u00e9s de la aprobaci\u00f3n de tu comentario, la imagen de tu perfil es visible para el p\u00fablico en el contexto de tu comentario.<\/p>\n<!-- \/wp:paragraph -->\n\n<!-- wp:heading -->\n<h2>Medios<\/h2>\n<!-- \/wp:heading -->\n\n<!-- wp:paragraph -->\n<p><strong class=\"privacy-policy-tutorial\">Texto sugerido: <\/strong>Si subes im\u00e1genes a la web, deber\u00edas evitar subir im\u00e1genes con datos de ubicaci\u00f3n (GPS EXIF) incluidos. Los visitantes de la web pueden descargar y extraer cualquier dato de ubicaci\u00f3n de las im\u00e1genes de la web.<\/p>\n<!-- \/wp:paragraph -->\n\n<!-- wp:heading -->\n<h2>Cookies<\/h2>\n<!-- \/wp:heading -->\n\n<!-- wp:paragraph -->\n<p><strong class=\"privacy-policy-tutorial\">Texto sugerido: <\/strong>Si dejas un comentario en nuestro sitio puedes elegir guardar tu nombre, direcci\u00f3n de correo electr\u00f3nico y web en cookies. Esto es para tu comodidad, para que no tengas que volver a rellenar tus datos cuando dejes otro comentario. Estas cookies tendr\u00e1n una duraci\u00f3n de un a\u00f1o.<\/p>\n<!-- \/wp:paragraph -->\n\n<!-- wp:paragraph -->\n<p>Si tienes una cuenta y te conectas a este sitio, instalaremos una cookie temporal para determinar si tu navegador acepta cookies. Esta cookie no contiene datos personales y se elimina al cerrar el navegador.<\/p>\n<!-- \/wp:paragraph -->\n\n<!-- wp:paragraph -->\n<p>Cuando accedas, tambi\u00e9n instalaremos varias cookies para guardar tu informaci\u00f3n de acceso y tus opciones de visualizaci\u00f3n de pantalla. Las cookies de acceso duran dos d\u00edas, y las cookies de opciones de pantalla duran un a\u00f1o. Si seleccionas \u00abRecu\u00e9rdarme\u00bb, tu acceso perdurar\u00e1 durante dos semanas. Si sales de tu cuenta, las cookies de acceso se eliminar\u00e1n.<\/p>\n<!-- \/wp:paragraph -->\n\n<!-- wp:paragraph -->\n<p>Si editas o publicas un art\u00edculo se guardar\u00e1 una cookie adicional en tu navegador. Esta cookie no incluye datos personales y simplemente indica el ID del art\u00edculo que acabas de editar. Caduca despu\u00e9s de 1 d\u00eda.<\/p>\n<!-- \/wp:paragraph -->\n\n<!-- wp:heading -->\n<h2>Contenido incrustado de otros sitios web<\/h2>\n<!-- \/wp:heading -->\n\n<!-- wp:paragraph -->\n<p><strong class=\"privacy-policy-tutorial\">Texto sugerido: <\/strong>Los art\u00edculos de este sitio pueden incluir contenido incrustado (por ejemplo, v\u00eddeos, im\u00e1genes, art\u00edculos, etc.). El contenido incrustado de otras webs se comporta exactamente de la misma manera que si el visitante hubiera visitado la otra web.<\/p>\n<!-- \/wp:paragraph -->\n\n<!-- wp:paragraph -->\n<p>Estas web pueden recopilar datos sobre ti, utilizar cookies, incrustar un seguimiento adicional de terceros, y supervisar tu interacci\u00f3n con ese contenido incrustado, incluido el seguimiento de tu interacci\u00f3n con el contenido incrustado si tienes una cuenta y est\u00e1s conectado a esa web.<\/p>\n<!-- \/wp:paragraph -->\n\n<!-- wp:heading -->\n<h2>Con qui\u00e9n compartimos tus datos<\/h2>\n<!-- \/wp:heading -->\n\n<!-- wp:paragraph -->\n<p><strong class=\"privacy-policy-tutorial\">Texto sugerido: <\/strong>Si solicitas un restablecimiento de contrase\u00f1a, tu direcci\u00f3n IP ser\u00e1 incluida en el correo electr\u00f3nico de restablecimiento.<\/p>\n<!-- \/wp:paragraph -->\n\n<!-- wp:heading -->\n<h2>Cu\u00e1nto tiempo conservamos tus datos<\/h2>\n<!-- \/wp:heading -->\n\n<!-- wp:paragraph -->\n<p><strong class=\"privacy-policy-tutorial\">Texto sugerido: <\/strong>Si dejas un comentario, el comentario y sus metadatos se conservan indefinidamente. Esto es para que podamos reconocer y aprobar comentarios sucesivos autom\u00e1ticamente, en lugar de mantenerlos en una cola de moderaci\u00f3n.<\/p>\n<!-- \/wp:paragraph -->\n\n<!-- wp:paragraph -->\n<p>De los usuarios que se registran en nuestra web (si los hay), tambi\u00e9n almacenamos la informaci\u00f3n personal que proporcionan en su perfil de usuario. Todos los usuarios pueden ver, editar o eliminar su informaci\u00f3n personal en cualquier momento (excepto que no pueden cambiar su nombre de usuario). Los administradores de la web tambi\u00e9n pueden ver y editar esa informaci\u00f3n.<\/p>\n<!-- \/wp:paragraph -->\n\n<!-- wp:heading -->\n<h2>Qu\u00e9 derechos tienes sobre tus datos<\/h2>\n<!-- \/wp:heading -->\n\n<!-- wp:paragraph -->\n<p><strong class=\"privacy-policy-tutorial\">Texto sugerido: <\/strong>Si tienes una cuenta o has dejado comentarios en esta web, puedes solicitar recibir un archivo de exportaci\u00f3n de los datos personales que tenemos sobre ti, incluyendo cualquier dato que nos hayas proporcionado. Tambi\u00e9n puedes solicitar que eliminemos cualquier dato personal que tengamos sobre ti. Esto no incluye ning\u00fan dato que estemos obligados a conservar con fines administrativos, legales o de seguridad.<\/p>\n<!-- \/wp:paragraph -->\n\n<!-- wp:heading -->\n<h2>D\u00f3nde enviamos tus datos<\/h2>\n<!-- \/wp:heading -->\n\n<!-- wp:paragraph -->\n<p><strong class=\"privacy-policy-tutorial\">Texto sugerido: <\/strong>Los comentarios de los visitantes puede que los revise un servicio de detecci\u00f3n autom\u00e1tica de spam.<\/p>\n<!-- \/wp:paragraph -->","_et_gb_content_width":"","footnotes":""},"class_list":["post-6078","page","type-page","status-publish","hentry"],"_links":{"self":[{"href":"https:\/\/dentoliva.es\/en\/wp-json\/wp\/v2\/pages\/6078","targetHints":{"allow":["GET"]}}],"collection":[{"href":"https:\/\/dentoliva.es\/en\/wp-json\/wp\/v2\/pages"}],"about":[{"href":"https:\/\/dentoliva.es\/en\/wp-json\/wp\/v2\/types\/page"}],"author":[{"embeddable":true,"href":"https:\/\/dentoliva.es\/en\/wp-json\/wp\/v2\/users\/3"}],"replies":[{"embeddable":true,"href":"https:\/\/dentoliva.es\/en\/wp-json\/wp\/v2\/comments?post=6078"}],"version-history":[{"count":1,"href":"https:\/\/dentoliva.es\/en\/wp-json\/wp\/v2\/pages\/6078\/revisions"}],"predecessor-version":[{"id":7529,"href":"https:\/\/dentoliva.es\/en\/wp-json\/wp\/v2\/pages\/6078\/revisions\/7529"}],"wp:attachment":[{"href":"https:\/\/dentoliva.es\/en\/wp-json\/wp\/v2\/media?parent=6078"}],"curies":[{"name":"wp","href":"https:\/\/api.w.org\/{rel}","templated":true}]}}